{"id":1607,"date":"2025-06-24T19:11:22","date_gmt":"2025-06-24T17:11:22","guid":{"rendered":"https:\/\/ponty-experten.se\/dev\/?page_id=1607"},"modified":"2025-08-15T14:44:13","modified_gmt":"2025-08-15T12:44:13","slug":"bygg-one-page-small","status":"publish","type":"page","link":"https:\/\/ponty-experten.se\/dev\/bygg-one-page-small\/","title":{"rendered":"Bygg one page small"},"content":{"rendered":"\t\t<div data-elementor-type=\"wp-page\" data-elementor-id=\"1607\" class=\"elementor elementor-1607\">\n\t\t\t\t<div class=\"elementor-element elementor-element-118d7e62 e-con-full hero-header full-width-img e-flex e-con e-parent\" data-id=\"118d7e62\" data-element_type=\"container\" data-e-type=\"container\" data-settings=\"{&quot;background_background&quot;:&quot;classic&quot;}\">\n\t\t<div class=\"elementor-element elementor-element-7f432e84 e-flex e-con-boxed e-con e-child\" data-id=\"7f432e84\" data-element_type=\"container\" data-e-type=\"container\">\n\t\t\t\t\t<div class=\"e-con-inner\">\n\t\t\t\t<div class=\"elementor-element elementor-element-841655b elementor-widget elementor-widget-heading\" data-id=\"841655b\" data-element_type=\"widget\" data-e-type=\"widget\" data-widget_type=\"heading.default\">\n\t\t\t\t<div class=\"elementor-widget-container\">\n\t\t\t\t\t<h2 class=\"elementor-heading-title elementor-size-default\">Byggbolaget AB<\/h2>\t\t\t\t<\/div>\n\t\t\t\t<\/div>\n\t\t\t\t<div class=\"elementor-element elementor-element-a1a7253 elementor-widget elementor-widget-text-editor\" data-id=\"a1a7253\" data-element_type=\"widget\" data-e-type=\"widget\" data-widget_type=\"text-editor.default\">\n\t\t\t\t<div class=\"elementor-widget-container\">\n\t\t\t\t\t\t\t\t\t<p>Lorem ipsum dolor sit amet, consectetur adipiscing elit. Nam a massa aliquet, mattis nulla et, consectetur ligula. Orci varius natoque penatibus et magnis dis parturient montes, nascetur ridiculus mus. Ut et varius turpis. Suspendisse sagittis dapibus leo. Interdum et malesuada fames ac ante ipsum primis in faucibus. Integer dictum blandit venenatis.<\/p>\t\t\t\t\t\t\t\t<\/div>\n\t\t\t\t<\/div>\n\t\t\t\t<div class=\"elementor-element elementor-element-3e60ba07 elementor-widget elementor-widget-heading\" data-id=\"3e60ba07\" data-element_type=\"widget\" data-e-type=\"widget\" data-widget_type=\"heading.default\">\n\t\t\t\t<div class=\"elementor-widget-container\">\n\t\t\t\t\t<h2 class=\"elementor-heading-title elementor-size-default\">+46 000 00 00<\/h2>\t\t\t\t<\/div>\n\t\t\t\t<\/div>\n\t\t\t\t\t<\/div>\n\t\t\t\t<\/div>\n\t\t\t\t<\/div>\n\t\t<div class=\"elementor-element elementor-element-3cdf1475 e-con-full text-block text-block-4-col container-padding e-flex e-con e-parent\" data-id=\"3cdf1475\" data-element_type=\"container\" data-e-type=\"container\">\n\t\t<div class=\"elementor-element elementor-element-2b285589 e-flex e-con-boxed e-con e-child\" data-id=\"2b285589\" data-element_type=\"container\" data-e-type=\"container\">\n\t\t\t\t\t<div class=\"e-con-inner\">\n\t\t\t\t<div class=\"elementor-element elementor-element-48c94dbf elementor-widget elementor-widget-heading\" data-id=\"48c94dbf\" data-element_type=\"widget\" data-e-type=\"widget\" data-widget_type=\"heading.default\">\n\t\t\t\t<div class=\"elementor-widget-container\">\n\t\t\t\t\t<h2 class=\"elementor-heading-title elementor-size-default\">V\u00e5ra tj\u00e4nster<\/h2>\t\t\t\t<\/div>\n\t\t\t\t<\/div>\n\t\t\t\t\t<\/div>\n\t\t\t\t<\/div>\n\t\t<div class=\"elementor-element elementor-element-2aea64a5 text-wrapper e-flex e-con-boxed e-con e-child\" data-id=\"2aea64a5\" data-element_type=\"container\" data-e-type=\"container\">\n\t\t\t\t\t<div class=\"e-con-inner\">\n\t\t<div class=\"elementor-element elementor-element-4e1177a1 e-con-full e-flex e-con e-child\" data-id=\"4e1177a1\" data-element_type=\"container\" data-e-type=\"container\">\n\t\t\t\t<div class=\"elementor-element elementor-element-5842dcb7 elementor-widget elementor-widget-text-editor\" data-id=\"5842dcb7\" data-element_type=\"widget\" data-e-type=\"widget\" data-widget_type=\"text-editor.default\">\n\t\t\t\t<div class=\"elementor-widget-container\">\n\t\t\t\t\t\t\t\t\t<h3>Renovering.<\/h3><p>Lorem ipsum dolor sit amet, consectetur adipiscing elit. Donec pulvinar, ligula nec condimentum consequat, ante augue gravida nisl, a venenatis dolor arcu in diam.<\/p>\t\t\t\t\t\t\t\t<\/div>\n\t\t\t\t<\/div>\n\t\t\t\t<\/div>\n\t\t<div class=\"elementor-element elementor-element-56c1c076 e-con-full e-flex e-con e-child\" data-id=\"56c1c076\" data-element_type=\"container\" data-e-type=\"container\">\n\t\t\t\t<div class=\"elementor-element elementor-element-56a95010 elementor-widget elementor-widget-text-editor\" data-id=\"56a95010\" data-element_type=\"widget\" data-e-type=\"widget\" data-widget_type=\"text-editor.default\">\n\t\t\t\t<div class=\"elementor-widget-container\">\n\t\t\t\t\t\t\t\t\t<h3>Snickerier.<\/h3><p>Lorem ipsum dolor sit amet, consectetur adipiscing elit.\u00a0<\/p><ul><li>Ante augue gravida<\/li><li>A venenatis dolor arcu<\/li><li>Proin dignissim<\/li><li>Donec tincidunt<\/li><li>Fringilla massa<\/li><\/ul>\t\t\t\t\t\t\t\t<\/div>\n\t\t\t\t<\/div>\n\t\t\t\t<\/div>\n\t\t<div class=\"elementor-element elementor-element-76bb5b1b e-con-full e-flex e-con e-child\" data-id=\"76bb5b1b\" data-element_type=\"container\" data-e-type=\"container\">\n\t\t\t\t<div class=\"elementor-element elementor-element-16784fd7 elementor-widget elementor-widget-text-editor\" data-id=\"16784fd7\" data-element_type=\"widget\" data-e-type=\"widget\" data-widget_type=\"text-editor.default\">\n\t\t\t\t<div class=\"elementor-widget-container\">\n\t\t\t\t\t\t\t\t\t<h3>M\u00e5leri.<\/h3><p>Proin dignissim nec dui in tristique. Donec tincidunt fringilla massa, a accumsan tortor scelerisque vel. Interdum et malesuada fames ac ante ipsum primis in faucibus.<\/p>\t\t\t\t\t\t\t\t<\/div>\n\t\t\t\t<\/div>\n\t\t\t\t<\/div>\n\t\t<div class=\"elementor-element elementor-element-690fef6b e-con-full e-flex e-con e-child\" data-id=\"690fef6b\" data-element_type=\"container\" data-e-type=\"container\">\n\t\t\t\t<div class=\"elementor-element elementor-element-7a0a281b elementor-widget elementor-widget-text-editor\" data-id=\"7a0a281b\" data-element_type=\"widget\" data-e-type=\"widget\" data-widget_type=\"text-editor.default\">\n\t\t\t\t<div class=\"elementor-widget-container\">\n\t\t\t\t\t\t\t\t\t<h3>Golv.<\/h3><p>A accumsan tortor scelerisque vel. Interdum et malesuada fames ac ante ipsum primis in faucibus. Lorem ipsum dolor sit amet. Lorem ipsum dolor sit amet, consectetur adipiscing elit.\u00a0<\/p>\t\t\t\t\t\t\t\t<\/div>\n\t\t\t\t<\/div>\n\t\t\t\t<\/div>\n\t\t\t\t\t<\/div>\n\t\t\t\t<\/div>\n\t\t\t\t<\/div>\n\t\t<div class=\"elementor-element elementor-element-2ed51f7e e-con-full google-reviews container-padding e-flex e-con e-parent\" data-id=\"2ed51f7e\" data-element_type=\"container\" data-e-type=\"container\" data-settings=\"{&quot;background_background&quot;:&quot;classic&quot;}\">\n\t\t\t\t<div class=\"elementor-element elementor-element-79c9ccb6 elementor-widget elementor-widget-shortcode\" data-id=\"79c9ccb6\" data-element_type=\"widget\" data-e-type=\"widget\" data-widget_type=\"shortcode.default\">\n\t\t\t\t<div class=\"elementor-widget-container\">\n\t\t\t\t\t\t\t<div class=\"elementor-shortcode\"><pre class=\"ti-widget\"><template id=\"trustindex-google-widget-html\"><div class=\" ti-widget  ti-goog ti-show-rating-text ti-review-text-mode-readmore ti-text-align-left\" data-no-translation=\"true\" data-time-locale=\"%d %s sedan|i dag|dag|dagar|vecka|veckor|m\u00e5nad|m\u00e5nader|\u00e5r|\u00e5r\" data-plugin-version=\"13.2.7\" data-layout-id=\"106\" data-layout-category=\"button\" data-set-id=\"light-minimal\" data-pid=\"\" data-language=\"sv\" data-close-locale=\"St\u00e4nga\" data-css-version=\"2\" data-size=\"1\"> <div class=\"ti-widget-container\"> <a href=\"https:\/\/admin.trustindex.io\/api\/googleReview?place-id=ChIJTyH7NLp3X0YRFcSLBLRqHTE\" target=\"_blank\" rel=\"noopener nofollow\" class=\"ti-header ti-header-grid source-Google\"> <div class=\"ti-fade-container\"> <div class=\"ti-small-logo\"><trustindex-image data-imgurl=\"https:\/\/ponty-experten.se\/dev\/wp-content\/plugins\/wp-reviews-plugin-for-google\/static\/img\/platform\/logo.svg?ver=do-not-care-13.2.7\" alt=\"Google\" width=\"150\" height=\"25\" loading=\"lazy\"><\/trustindex-image><\/div> <span class=\"ti-stars\"><trustindex-image class=\"ti-star\" data-imgurl=\"https:\/\/cdn.trustindex.io\/assets\/platform\/Google\/star\/f.svg\" alt=\"Google\" width=\"17\" height=\"17\" loading=\"lazy\"><\/trustindex-image><trustindex-image class=\"ti-star\" data-imgurl=\"https:\/\/cdn.trustindex.io\/assets\/platform\/Google\/star\/f.svg\" alt=\"Google\" width=\"17\" height=\"17\" loading=\"lazy\"><\/trustindex-image><trustindex-image class=\"ti-star\" data-imgurl=\"https:\/\/cdn.trustindex.io\/assets\/platform\/Google\/star\/f.svg\" alt=\"Google\" width=\"17\" height=\"17\" loading=\"lazy\"><\/trustindex-image><trustindex-image class=\"ti-star\" data-imgurl=\"https:\/\/cdn.trustindex.io\/assets\/platform\/Google\/star\/f.svg\" alt=\"Google\" width=\"17\" height=\"17\" loading=\"lazy\"><\/trustindex-image><trustindex-image class=\"ti-star\" data-imgurl=\"https:\/\/cdn.trustindex.io\/assets\/platform\/Google\/star\/f.svg\" alt=\"Google\" width=\"17\" height=\"17\" loading=\"lazy\"><\/trustindex-image><\/span> <div class=\"ti-mob-row\"> <span class=\"nowrap\"><strong>5.0<span class=\"ti-separator\"><\/span>6 recensioner<\/strong><\/span> <\/div> <\/div> <\/a> <\/div> <\/div> <\/template><\/pre><div data-src=\"https:\/\/cdn.trustindex.io\/loader.js?wp-widget\" data-template-id=\"trustindex-google-widget-html\" data-css-url=\"https:\/\/ponty-experten.se\/dev\/wp-content\/uploads\/trustindex-google-widget.css?1764761727\"><\/div><\/div>\n\t\t\t\t\t\t<\/div>\n\t\t\t\t<\/div>\n\t\t\t\t<\/div>\n\t\t<div class=\"elementor-element elementor-element-755a9257 e-con-full text-block text-block-3-col container-padding e-flex e-con e-parent\" data-id=\"755a9257\" data-element_type=\"container\" data-e-type=\"container\" data-settings=\"{&quot;background_background&quot;:&quot;classic&quot;}\">\n\t\t<div class=\"elementor-element elementor-element-32568cca e-flex e-con-boxed e-con e-child\" data-id=\"32568cca\" data-element_type=\"container\" data-e-type=\"container\">\n\t\t\t\t\t<div class=\"e-con-inner\">\n\t\t\t\t<div class=\"elementor-element elementor-element-12ba0411 elementor-widget elementor-widget-heading\" data-id=\"12ba0411\" data-element_type=\"widget\" data-e-type=\"widget\" data-widget_type=\"heading.default\">\n\t\t\t\t<div class=\"elementor-widget-container\">\n\t\t\t\t\t<h2 class=\"elementor-heading-title elementor-size-default\">Varf\u00f6r ska du v\u00e4lja oss?<\/h2>\t\t\t\t<\/div>\n\t\t\t\t<\/div>\n\t\t\t\t\t<\/div>\n\t\t\t\t<\/div>\n\t\t<div class=\"elementor-element elementor-element-51e87de4 text-wrapper e-flex e-con-boxed e-con e-child\" data-id=\"51e87de4\" data-element_type=\"container\" data-e-type=\"container\">\n\t\t\t\t\t<div class=\"e-con-inner\">\n\t\t<div class=\"elementor-element elementor-element-6a5ec35b e-con-full e-flex e-con e-child\" data-id=\"6a5ec35b\" data-element_type=\"container\" data-e-type=\"container\">\n\t\t\t\t<div class=\"elementor-element elementor-element-5d93f8ca elementor-widget elementor-widget-text-editor\" data-id=\"5d93f8ca\" data-element_type=\"widget\" data-e-type=\"widget\" data-widget_type=\"text-editor.default\">\n\t\t\t\t<div class=\"elementor-widget-container\">\n\t\t\t\t\t\t\t\t\t<h2>V\u00e4lj<br \/>en p\u00e5litlig <br \/>byggare.<\/h2>\t\t\t\t\t\t\t\t<\/div>\n\t\t\t\t<\/div>\n\t\t\t\t<\/div>\n\t\t<div class=\"elementor-element elementor-element-5951b292 e-con-full e-flex e-con e-child\" data-id=\"5951b292\" data-element_type=\"container\" data-e-type=\"container\">\n\t\t\t\t<div class=\"elementor-element elementor-element-21029aa elementor-widget elementor-widget-text-editor\" data-id=\"21029aa\" data-element_type=\"widget\" data-e-type=\"widget\" data-widget_type=\"text-editor.default\">\n\t\t\t\t<div class=\"elementor-widget-container\">\n\t\t\t\t\t\t\t\t\t<p>\u00c4r du tr\u00f6tt p\u00e5 oseri\u00f6sa byggbolag?<br \/>Sv\u00e5rt med kommunikationen<br \/>K\u00e4nner du oro inf\u00f6r kvalit\u00e9n p\u00e5 arbetet?<br \/>Efters\u00f6ker du beh\u00f6riga hantverkare?<br \/>Os\u00e4ker p\u00e5 om avtalen f\u00f6ljer svensk lag?<br \/>\u00c4r det viktigt f\u00f6r dig att budgeten h\u00e5lls?<br \/>Vill du ha full koll p\u00e5 ditt projekt?<\/p>\t\t\t\t\t\t\t\t<\/div>\n\t\t\t\t<\/div>\n\t\t\t\t<\/div>\n\t\t<div class=\"elementor-element elementor-element-29b74b4a e-con-full e-flex e-con e-child\" data-id=\"29b74b4a\" data-element_type=\"container\" data-e-type=\"container\">\n\t\t\t\t<div class=\"elementor-element elementor-element-71074f2b elementor-widget elementor-widget-text-editor\" data-id=\"71074f2b\" data-element_type=\"widget\" data-e-type=\"widget\" data-widget_type=\"text-editor.default\">\n\t\t\t\t<div class=\"elementor-widget-container\">\n\t\t\t\t\t\t\t\t\t<ul><li><p><strong>Garanterade resultat<\/strong><\/p><\/li><li><p><strong>Svensktalande byggledare<\/strong><\/p><\/li><li><p><strong>Kontinuelig uppf\u00f6ljning<\/strong><\/p><\/li><li><p><strong>Alltid beh\u00f6riga hantverkare<\/strong><\/p><\/li><li><p><strong>Transparens genom hela projektet<\/strong><\/p><\/li><li><p><strong>En budget som f\u00f6ljs<\/strong><\/p><\/li><li><p><strong>Godk\u00e4nd slutbesiktning<\/strong><\/p><\/li><\/ul>\t\t\t\t\t\t\t\t<\/div>\n\t\t\t\t<\/div>\n\t\t\t\t<\/div>\n\t\t\t\t\t<\/div>\n\t\t\t\t<\/div>\n\t\t\t\t<\/div>\n\t\t<div class=\"elementor-element elementor-element-52f7a0f4 e-con-full full-width-img e-flex e-con e-parent\" data-id=\"52f7a0f4\" data-element_type=\"container\" data-e-type=\"container\" data-settings=\"{&quot;background_background&quot;:&quot;classic&quot;}\">\n\t\t\t\t<\/div>\n\t\t<div class=\"elementor-element elementor-element-a906d1d e-con-full text-block text-block-full container-padding e-flex e-con e-parent\" data-id=\"a906d1d\" data-element_type=\"container\" data-e-type=\"container\">\n\t\t\t\t<div class=\"elementor-element elementor-element-52b75bbe elementor-widget elementor-widget-heading\" data-id=\"52b75bbe\" data-element_type=\"widget\" data-e-type=\"widget\" data-widget_type=\"heading.default\">\n\t\t\t\t<div class=\"elementor-widget-container\">\n\t\t\t\t\t<h2 class=\"elementor-heading-title elementor-size-default\">Vi f\u00e5r jobbet gjort.<\/h2>\t\t\t\t<\/div>\n\t\t\t\t<\/div>\n\t\t<div class=\"elementor-element elementor-element-210cebc9 text-wrapper e-flex e-con-boxed e-con e-child\" data-id=\"210cebc9\" data-element_type=\"container\" data-e-type=\"container\">\n\t\t\t\t\t<div class=\"e-con-inner\">\n\t\t<div class=\"elementor-element elementor-element-7b66620 e-flex e-con-boxed e-con e-child\" data-id=\"7b66620\" data-element_type=\"container\" data-e-type=\"container\">\n\t\t\t\t\t<div class=\"e-con-inner\">\n\t\t\t\t<div class=\"elementor-element elementor-element-336e1540 elementor-widget elementor-widget-text-editor\" data-id=\"336e1540\" data-element_type=\"widget\" data-e-type=\"widget\" data-widget_type=\"text-editor.default\">\n\t\t\t\t<div class=\"elementor-widget-container\">\n\t\t\t\t\t\t\t\t\t<p>Vi f\u00f6rst\u00e5r din oro n\u00e4r man ska bygga eller renovera. Identifiera kundens problem utifr\u00e5n kundens perspektiv. Skapa f\u00f6rtroende genom att komma med relevanta l\u00f6sningar. Hos oss kan du lita p\u00e5 att att jobbet blir gjort efter g\u00e4llande lagar och regler. Ring oss s\u00e5 ber\u00e4ttar vi mer.<\/p><p>Vi v\u00e5gar p\u00e5st\u00e5 att det inte finns problem som inte g\u00e5r att l\u00f6sa. Vi har stor yrkesstolthet och ser till att ditt projet genomf\u00f6rs s\u00e5 effektivt som m\u00f6jligt utan tjafs. Vi \u00e4r m\u00e5na om resultat och kvalitet.<\/p>\t\t\t\t\t\t\t\t<\/div>\n\t\t\t\t<\/div>\n\t\t\t\t\t<\/div>\n\t\t\t\t<\/div>\n\t\t\t\t\t<\/div>\n\t\t\t\t<\/div>\n\t\t\t\t<\/div>\n\t\t\t\t<\/div>\n\t\t","protected":false},"excerpt":{"rendered":"<p>Byggbolaget AB Lorem ipsum dolor sit amet, consectetur adipiscing elit. Nam a massa aliquet, mattis nulla et, consectetur ligula. Orci varius natoque penatibus et magnis dis parturient montes, nascetur ridiculus mus. Ut et varius turpis. Suspendisse sagittis dapibus leo. Interdum et malesuada fames ac ante ipsum primis in faucibus. Integer dictum blandit venenatis. +46 000 [&hellip;]<\/p>\n","protected":false},"author":1,"featured_media":0,"parent":0,"menu_order":0,"comment_status":"closed","ping_status":"closed","template":"elementor_header_footer","meta":{"_acf_changed":false,"ocean_post_layout":"","ocean_both_sidebars_style":"","ocean_both_sidebars_content_width":0,"ocean_both_sidebars_sidebars_width":0,"ocean_sidebar":"","ocean_second_sidebar":"","ocean_disable_margins":"enable","ocean_add_body_class":"","ocean_shortcode_before_top_bar":"","ocean_shortcode_after_top_bar":"","ocean_shortcode_before_header":"","ocean_shortcode_after_header":"","ocean_has_shortcode":"","ocean_shortcode_after_title":"","ocean_shortcode_before_footer_widgets":"","ocean_shortcode_after_footer_widgets":"","ocean_shortcode_before_footer_bottom":"","ocean_shortcode_after_footer_bottom":"","ocean_display_top_bar":"default","ocean_display_header":"default","ocean_header_style":"","ocean_center_header_left_menu":"","ocean_custom_header_template":"","ocean_custom_logo":0,"ocean_custom_retina_logo":0,"ocean_custom_logo_max_width":0,"ocean_custom_logo_tablet_max_width":0,"ocean_custom_logo_mobile_max_width":0,"ocean_custom_logo_max_height":0,"ocean_custom_logo_tablet_max_height":0,"ocean_custom_logo_mobile_max_height":0,"ocean_header_custom_menu":"","ocean_menu_typo_font_family":"","ocean_menu_typo_font_subset":"","ocean_menu_typo_font_size":0,"ocean_menu_typo_font_size_tablet":0,"ocean_menu_typo_font_size_mobile":0,"ocean_menu_typo_font_size_unit":"px","ocean_menu_typo_font_weight":"","ocean_menu_typo_font_weight_tablet":"","ocean_menu_typo_font_weight_mobile":"","ocean_menu_typo_transform":"","ocean_menu_typo_transform_tablet":"","ocean_menu_typo_transform_mobile":"","ocean_menu_typo_line_height":0,"ocean_menu_typo_line_height_tablet":0,"ocean_menu_typo_line_height_mobile":0,"ocean_menu_typo_line_height_unit":"","ocean_menu_typo_spacing":0,"ocean_menu_typo_spacing_tablet":0,"ocean_menu_typo_spacing_mobile":0,"ocean_menu_typo_spacing_unit":"","ocean_menu_link_color":"","ocean_menu_link_color_hover":"","ocean_menu_link_color_active":"","ocean_menu_link_background":"","ocean_menu_link_hover_background":"","ocean_menu_link_active_background":"","ocean_menu_social_links_bg":"","ocean_menu_social_hover_links_bg":"","ocean_menu_social_links_color":"","ocean_menu_social_hover_links_color":"","ocean_disable_title":"default","ocean_disable_heading":"default","ocean_post_title":"","ocean_post_subheading":"","ocean_post_title_style":"","ocean_post_title_background_color":"","ocean_post_title_background":0,"ocean_post_title_bg_image_position":"","ocean_post_title_bg_image_attachment":"","ocean_post_title_bg_image_repeat":"","ocean_post_title_bg_image_size":"","ocean_post_title_height":0,"ocean_post_title_bg_overlay":0.5,"ocean_post_title_bg_overlay_color":"","ocean_disable_breadcrumbs":"default","ocean_breadcrumbs_color":"","ocean_breadcrumbs_separator_color":"","ocean_breadcrumbs_links_color":"","ocean_breadcrumbs_links_hover_color":"","ocean_display_footer_widgets":"default","ocean_display_footer_bottom":"default","ocean_custom_footer_template":"","footnotes":""},"class_list":["post-1607","page","type-page","status-publish","hentry","entry"],"acf":[],"_links":{"self":[{"href":"https:\/\/ponty-experten.se\/dev\/wp-json\/wp\/v2\/pages\/1607","targetHints":{"allow":["GET"]}}],"collection":[{"href":"https:\/\/ponty-experten.se\/dev\/wp-json\/wp\/v2\/pages"}],"about":[{"href":"https:\/\/ponty-experten.se\/dev\/wp-json\/wp\/v2\/types\/page"}],"author":[{"embeddable":true,"href":"https:\/\/ponty-experten.se\/dev\/wp-json\/wp\/v2\/users\/1"}],"replies":[{"embeddable":true,"href":"https:\/\/ponty-experten.se\/dev\/wp-json\/wp\/v2\/comments?post=1607"}],"version-history":[{"count":136,"href":"https:\/\/ponty-experten.se\/dev\/wp-json\/wp\/v2\/pages\/1607\/revisions"}],"predecessor-version":[{"id":1771,"href":"https:\/\/ponty-experten.se\/dev\/wp-json\/wp\/v2\/pages\/1607\/revisions\/1771"}],"wp:attachment":[{"href":"https:\/\/ponty-experten.se\/dev\/wp-json\/wp\/v2\/media?parent=1607"}],"curies":[{"name":"wp","href":"https:\/\/api.w.org\/{rel}","templated":true}]}}